{"id":15592,"date":"2024-04-19T12:46:24","date_gmt":"2024-04-19T12:46:24","guid":{"rendered":"https:\/\/aimdoll.com\/?page_id=15592"},"modified":"2024-04-24T12:42:10","modified_gmt":"2024-04-24T12:42:10","slug":"about-us","status":"publish","type":"page","link":"https:\/\/vndoll.com\/vi\/about-us\/","title":{"rendered":"V\u1ec1 ch\u00fang t\u00f4i"},"content":{"rendered":"<div data-elementor-type=\"wp-page\" data-elementor-id=\"15592\" class=\"elementor elementor-15592\" data-elementor-post-type=\"page\">\n\t\t\t\t\t\t<section class=\"wd-negative-gap elementor-section elementor-top-section elementor-element elementor-element-63ccb5ca space-xlg elementor-section-boxed elementor-section-height-default elementor-section-height-default\" data-id=\"63ccb5ca\" data-element_type=\"section\">\n\t\t\t\t\t\t<div class=\"elementor-container elementor-column-gap-default\">\n\t\t\t\t\t<div class=\"elementor-column elementor-col-100 elementor-top-column elementor-element elementor-element-7328e9f9\" data-id=\"7328e9f9\" data-element_type=\"column\">\n\t\t\t<div class=\"elementor-widget-wrap elementor-element-populated\">\n\t\t\t\t\t\t<div class=\"elementor-element elementor-element-65436a36 m-t-n-xs mb-5 elementor-widget elementor-widget-heading\" data-id=\"65436a36\" data-element_type=\"widget\" data-widget_type=\"heading.default\">\n\t\t\t\t<div class=\"elementor-widget-container\">\n\t\t\t<style>\/*! elementor - v3.21.0 - 15-04-2024 *\/\n.elementor-heading-title{padding:0;margin:0;line-height:1}.elementor-widget-heading .elementor-heading-title[class*=elementor-size-]>a{color:inherit;font-size:inherit;line-height:inherit}.elementor-widget-heading .elementor-heading-title.elementor-size-small{font-size:15px}.elementor-widget-heading .elementor-heading-title.elementor-size-medium{font-size:19px}.elementor-widget-heading .elementor-heading-title.elementor-size-large{font-size:29px}.elementor-widget-heading .elementor-heading-title.elementor-size-xl{font-size:39px}.elementor-widget-heading .elementor-heading-title.elementor-size-xxl{font-size:59px}<\/style><h2 class=\"elementor-heading-title elementor-size-default\">GI\u1edaI THI\u1ec6U<\/h2>\t\t<\/div>\n\t\t\t\t<\/div>\n\t\t\t\t<div class=\"elementor-element elementor-element-596e654d mb-4 elementor-widget elementor-widget-heading\" data-id=\"596e654d\" data-element_type=\"widget\" data-widget_type=\"heading.default\">\n\t\t\t\t<div class=\"elementor-widget-container\">\n\t\t\t<h3 class=\"elementor-heading-title elementor-size-default\">Ch\u00fang ta l\u00e0 ai<\/h3>\t\t<\/div>\n\t\t\t\t<\/div>\n\t\t\t\t<section class=\"elementor-section elementor-inner-section elementor-element elementor-element-7fd9f02d elementor-section-full_width elementor-section-height-default elementor-section-height-default\" data-id=\"7fd9f02d\" data-element_type=\"section\">\n\t\t\t\t\t\t<div class=\"elementor-container elementor-column-gap-default\">\n\t\t\t\t\t<div class=\"elementor-column elementor-col-100 elementor-inner-column elementor-element elementor-element-6e5a7277\" data-id=\"6e5a7277\" data-element_type=\"column\">\n\t\t\t<div class=\"elementor-widget-wrap elementor-element-populated\">\n\t\t\t\t\t\t<div class=\"elementor-element elementor-element-4f47d2b8 color-scheme-inherit text-left elementor-widget elementor-widget-text-editor\" data-id=\"4f47d2b8\" data-element_type=\"widget\" data-widget_type=\"text-editor.default\">\n\t\t\t\t<div class=\"elementor-widget-container\">\n\t\t\t<style>\/*! elementor - v3.21.0 - 15-04-2024 *\/\n.elementor-widget-text-editor.elementor-drop-cap-view-stacked .elementor-drop-cap{background-color:#69727d;color:#fff}.elementor-widget-text-editor.elementor-drop-cap-view-framed .elementor-drop-cap{color:#69727d;border:3px solid;background-color:transparent}.elementor-widget-text-editor:not(.elementor-drop-cap-view-default) .elementor-drop-cap{margin-top:8px}.elementor-widget-text-editor:not(.elementor-drop-cap-view-default) .elementor-drop-cap-letter{width:1em;height:1em}.elementor-widget-text-editor .elementor-drop-cap{float:left;text-align:center;line-height:1;font-size:50px}.elementor-widget-text-editor .elementor-drop-cap-letter{display:inline-block}<\/style>\t\t\t\t<p>Ainodoll.com l\u00e0 trang web ch\u00ednh th\u1ee9c c\u1ee7a b\u00fap b\u00ea t\u00ecnh d\u1ee5c mini. Ch\u00fang t\u00f4i l\u00e0 Nh\u00f3m B\u00fap b\u00ea t\u00ecnh d\u1ee5c \u0111\u1ebfn t\u1eeb Trung Qu\u1ed1c v\u00e0 c\u00f3 6 n\u0103m kinh nghi\u1ec7m b\u00e1n b\u00fap b\u00ea t\u00ecnh d\u1ee5c tr\u1ef1c tuy\u1ebfn. Hi\u1ec7n t\u1ea1i, b\u00fap b\u00ea t\u00ecnh d\u1ee5c mini c\u1ee7a ch\u00fang t\u00f4i ch\u1ee7 y\u1ebfu \u0111\u01b0\u1ee3c b\u00e1n cho B\u1eafc M\u1ef9, Ch\u00e2u \u00c2u, Nh\u1eadt B\u1ea3n v\u00e0 \u00dac.<\/p>\t\t\t\t\t\t<\/div>\n\t\t\t\t<\/div>\n\t\t\t\t\t<\/div>\n\t\t<\/div>\n\t\t\t\t\t<\/div>\n\t\t<\/section>\n\t\t\t\t<div class=\"elementor-element elementor-element-1a33b11d m-b-xl elementor-widget elementor-widget-heading\" data-id=\"1a33b11d\" data-element_type=\"widget\" data-widget_type=\"heading.default\">\n\t\t\t\t<div class=\"elementor-widget-container\">\n\t\t\t<h2 class=\"elementor-heading-title elementor-size-default\">t\u1ea1i sao ch\u1ecdn ch\u00fang t\u00f4i<\/h2>\t\t<\/div>\n\t\t\t\t<\/div>\n\t\t\t\t<section class=\"elementor-section elementor-inner-section elementor-element elementor-element-404f4648 elementor-section-full_width mb-4 pb-1 elementor-section-height-default elementor-section-height-default\" data-id=\"404f4648\" data-element_type=\"section\">\n\t\t\t\t\t\t<div class=\"elementor-container elementor-column-gap-default\">\n\t\t\t\t\t<div class=\"elementor-column elementor-col-100 elementor-inner-column elementor-element elementor-element-6a15efb2\" data-id=\"6a15efb2\" data-element_type=\"column\">\n\t\t\t<div class=\"elementor-widget-wrap elementor-element-populated\">\n\t\t\t\t\t\t<div class=\"elementor-element elementor-element-f38a1ea color-scheme-inherit text-left elementor-widget elementor-widget-text-editor\" data-id=\"f38a1ea\" data-element_type=\"widget\" data-widget_type=\"text-editor.default\">\n\t\t\t\t<div class=\"elementor-widget-container\">\n\t\t\t\t\t\t\t<h5>*100% B\u00fap b\u00ea t\u00ecnh d\u1ee5c t\u1ea1i nh\u00e0 m\u00e1y ch\u00ednh h\u00e3ng, \u0111\u01b0\u1ee3c ch\u1ee9ng nh\u1eadn<\/h5><p>L\u00e0 nh\u00e0 cung c\u1ea5p b\u00fap b\u00ea t\u00ecnh d\u1ee5c mini chuy\u00ean nghi\u1ec7p, ch\u00fang t\u00f4i ch\u1ec9 cung c\u1ea5p c\u00e1c s\u1ea3n ph\u1ea9m b\u00fap b\u00ea ch\u1ea5t l\u01b0\u1ee3ng cao v\u00e0 l\u00e0m vi\u1ec7c v\u1edbi c\u00e1c nh\u00e0 s\u1ea3n xu\u1ea5t \u0111\u00e1p \u1ee9ng c\u00e1c th\u00f4ng s\u1ed1 ch\u1ea5t l\u01b0\u1ee3ng c\u1ee7a ch\u00fang t\u00f4i, ch\u1eb3ng h\u1ea1n nh\u01b0 B\u00fap b\u00ea WM, B\u00fap b\u00ea Irontech, B\u00fap b\u00ea 6Ye, v.v.<br \/>Ch\u00fang t\u00f4i bi\u1ebft b\u1ea1n mu\u1ed1n g\u00ec khi mua m\u1ed9t con b\u00fap b\u00ea t\u00ecnh d\u1ee5c ch\u1ea5t l\u01b0\u1ee3ng v\u00e0 ch\u00fang t\u00f4i c\u00f3 tuy\u1ec3n ch\u1ecdn b\u00fap b\u00ea t\u00ecnh d\u1ee5c gi\u1ed1ng nh\u01b0 th\u1eadt ch\u1ec9 d\u00e0nh cho b\u1ea1n. B\u00fap b\u00ea c\u1ee7a ch\u00fang t\u00f4i l\u00e0 k\u1ebft qu\u1ea3 c\u1ee7a m\u1ed9t thi\u1ebft k\u1ebf ch\u00ednh x\u00e1c khi\u1ebfn ch\u00fang tr\u1edf n\u00ean th\u00fa v\u1ecb v\u00e0 k\u00edch th\u00edch khi s\u1eed d\u1ee5ng. B\u00fap b\u00ea t\u00ecnh y\u00eau c\u1ee7a ch\u00fang t\u00f4i \u0111\u01b0\u1ee3c \u0111i\u00eau kh\u1eafc b\u1eb1ng tay b\u1edfi c\u00e1c chuy\u00ean gia, nh\u1eefng ng\u01b0\u1eddi \u0111\u00e3 d\u00e0nh nhi\u1ec1u th\u1eddi gian \u0111\u1ec3 l\u00e0m n\u1ed5i b\u1eadt t\u1eebng chi ti\u1ebft. T\u1ea1i ainodoll, ch\u00fang t\u00f4i t\u1ef1 h\u00e0o v\u1ec1 s\u1ef1 ch\u00fa \u00fd \u0111\u1ebfn t\u1eebng chi ti\u1ebft v\u00e0 ch\u1ea5t l\u01b0\u1ee3ng s\u1ea3n ph\u1ea9m, do \u0111\u00f3 \u0111\u1ea3m b\u1ea3o s\u1ef1 h\u00e0i l\u00f2ng c\u1ee7a kh\u00e1ch h\u00e0ng.<\/p><h5>*B\u1ed9 s\u01b0u t\u1eadp b\u00fap b\u00ea kh\u1ed5ng l\u1ed3 (h\u01a1n 2000 b\u00fap b\u00ea nh\u1ecf)<\/h5><p>Nh\u00e0 m\u00e1y s\u1ea3n xu\u1ea5t b\u00fap b\u00ea c\u1ee7a ch\u00fang t\u00f4i \u0111ang ph\u00e1t tri\u1ec3n c\u00e1c M\u1eabu m\u1edbi \u0111\u1ec3 b\u1ed5 sung th\u00eam b\u00fap b\u00ea t\u00ecnh y\u00eau m\u1edbi m\u1ed7i tu\u1ea7n. V\u1edbi r\u1ea5t nhi\u1ec1u ki\u1ec3u d\u00e1ng v\u00e0 ki\u1ec3u \u0111\u1ea7u \u0111\u1ec3 l\u1ef1a ch\u1ecdn, m\u1ecdi th\u1ee9 \u0111\u1ec1u c\u00f3 th\u1ec3! T\u1eeb nh\u1eefng ng\u01b0\u1eddi m\u1eabu to l\u1edbn, g\u1ee3i c\u1ea3m cho \u0111\u1ebfn nh\u1eefng c\u00f4 g\u00e1i g\u1ea7y g\u00f2 v\u00e0 nhanh nh\u1eb9n, m\u1ecdi s\u1edf th\u00edch \u0111\u1ec1u c\u00f3 th\u1ec3 \u0111\u01b0\u1ee3c \u0111\u00e1p \u1ee9ng. \u0110i\u1ec1u \u0111\u00f3 bao g\u1ed3m c\u1ea3 m\u1ed9t s\u1ed1 ng\u01b0\u1eddi t\u00ecnh k\u1ef3 l\u1ea1 c\u1ee7a ch\u00fang ta, bao g\u1ed3m c\u1ea3 nh\u1eefng ng\u01b0\u1eddi \u0111\u1eb9p y\u00eau tinh v\u00e0 nh\u1eefng b\u00e0 m\u1eb9 m\u0169m m\u0129m. V\u1edbi c\u00e1c \u0111\u1ea7u c\u00f3 th\u1ec3 ho\u00e1n \u0111\u1ed5i cho nhau, vi\u1ec7c k\u1ebft h\u1ee3p m\u1ecdi th\u1ee9 v\u00e0 th\u1eed \u0111i\u1ec1u g\u00ec \u0111\u00f3 m\u1edbi m\u1ebb ch\u01b0a bao gi\u1edd d\u1ec5 d\u00e0ng h\u01a1n th\u1ebf!<\/p><h5>*Thanh to\u00e1n an to\u00e0n<\/h5><p>Trang web c\u1ee7a ch\u00fang t\u00f4i \u0111\u01b0\u1ee3c m\u00e3 h\u00f3a SSL v\u00e0 ch\u00fang t\u00f4i c\u0169ng s\u1eed d\u1ee5ng PayPal \u0111\u1ec3 \u0111\u1ea3m b\u1ea3o quy\u1ec1n ri\u00eang t\u01b0 v\u00e0 an to\u00e0n c\u1ee7a b\u1ea1n. Ch\u00fang t\u00f4i s\u1ebd kh\u00f4ng x\u1eed l\u00fd \u0111\u01a1n \u0111\u1eb7t h\u00e0ng c\u1ee7a b\u1ea1n cho \u0111\u1ebfn khi ch\u00fang t\u00f4i x\u00e1c nh\u1eadn r\u1eb1ng th\u00f4ng tin thanh to\u00e1n c\u1ee7a b\u1ea1n l\u00e0 h\u1ee3p ph\u00e1p. T\u1ea5t c\u1ea3 c\u00e1c giao d\u1ecbch ng\u00e2n h\u00e0ng c\u1ee7a ch\u00fang t\u00f4i, t\u1ea5t c\u1ea3 \u0111\u1ec1u \u0111\u01b0\u1ee3c th\u1ef1c hi\u1ec7n, kh\u00f4ng d\u1ef1a tr\u00ean b\u1ea3n ch\u1ea5t c\u1ee7a s\u1ea3n ph\u1ea9m. Ch\u00fang t\u00f4i cam k\u1ebft cung c\u1ea5p m\u1ee9c \u0111\u1ed9 ri\u00eang t\u01b0 cao nh\u1ea5t v\u00e0 s\u1ebd kh\u00f4ng bao gi\u1edd ti\u1ebft l\u1ed9 th\u00f4ng tin c\u00e1 nh\u00e2n c\u1ee7a b\u1ea1n cho b\u00ean th\u1ee9 ba. \u0110\u1ec3 bi\u1ebft th\u00eam th\u00f4ng tin thanh to\u00e1n, vui l\u00f2ng xem trang h\u01b0\u1edbng d\u1eabn thanh to\u00e1n.<\/p><h5>* Gi\u00e1 c\u1ea3 ph\u1ea3i ch\u0103ng v\u00e0 h\u1ee3p l\u00fd<\/h5><p>Khi mua b\u00fap b\u00ea t\u00ecnh d\u1ee5c t\u1ea1i ainodoll.com, b\u1ea1n lu\u00f4n c\u00f3 th\u1ec3 ch\u1eafc ch\u1eafn t\u00ecm \u0111\u01b0\u1ee3c th\u1ee9 g\u00ec \u0111\u00f3 ph\u00f9 h\u1ee3p v\u1edbi t\u00fai ti\u1ec1n c\u1ee7a m\u00ecnh. C\u00e1c lo\u1ea1i b\u00fap b\u00ea t\u00ecnh d\u1ee5c sang tr\u1ecdng c\u1ee7a ch\u00fang t\u00f4i c\u00f3 gi\u00e1 h\u1ee3p l\u00fd. Ch\u00fang t\u00f4i mong mu\u1ed1n cung c\u1ea5p cho b\u1ea1n m\u1ed9t con b\u00fap b\u00ea t\u00ecnh d\u1ee5c ph\u1ee5c v\u1ee5 b\u1ea1n m\u1ed9t c\u00e1ch xu\u1ea5t s\u1eafc v\u00e0 n\u1eb1m trong t\u1ea7m tay.<\/p><h5>*Kh\u00f4ng l\u1eeba \u0111\u1ea3o v\u00e0 \u0111\u1ea3m b\u1ea3o mua h\u00e0ng h\u00e0i l\u00f2ng<\/h5>\t\t\t\t\t\t<\/div>\n\t\t\t\t<\/div>\n\t\t\t\t\t<\/div>\n\t\t<\/div>\n\t\t\t\t\t<\/div>\n\t\t<\/section>\n\t\t\t\t<section class=\"elementor-section elementor-inner-section elementor-element elementor-element-47670a94 elementor-section-full_width elementor-section-height-default elementor-section-height-default\" data-id=\"47670a94\" data-element_type=\"section\">\n\t\t\t\t\t\t<div class=\"elementor-container elementor-column-gap-default\">\n\t\t\t\t\t<div class=\"elementor-column elementor-col-100 elementor-inner-column elementor-element elementor-element-37e64a0a\" data-id=\"37e64a0a\" data-element_type=\"column\">\n\t\t\t<div class=\"elementor-widget-wrap elementor-element-populated\">\n\t\t\t\t\t\t<div class=\"elementor-element elementor-element-1012628c color-scheme-inherit text-left elementor-widget elementor-widget-text-editor\" data-id=\"1012628c\" data-element_type=\"widget\" data-widget_type=\"text-editor.default\">\n\t\t\t\t<div class=\"elementor-widget-container\">\n\t\t\t\t\t\t\t<p>Ch\u00fang t\u00f4i kh\u00f4ng cung c\u1ea5p b\u1ea5t k\u1ef3 s\u1ea3n ph\u1ea9m n\u00e0o \u0111\u01b0\u1ee3c qu\u1ea3ng c\u00e1o sai s\u1ef1 th\u1eadt, ch\u00fang t\u00f4i ch\u00e2n th\u00e0nh \u0111\u1ed1i x\u1eed v\u00e0 ch\u00e0o \u0111\u00f3n m\u1ecdi kh\u00e1ch h\u00e0ng y\u00eau th\u00edch b\u00fap b\u00ea t\u00ecnh d\u1ee5c.<\/p><p>Ngo\u00e0i ra, ch\u00fang t\u00f4i l\u00e0m vi\u1ec7c ch\u0103m ch\u1ec9 \u0111\u1ec3 \u0111\u1ea3m b\u1ea3o b\u1ea1n c\u00f3 \u0111\u01b0\u1ee3c b\u00fap b\u00ea t\u00ecnh d\u1ee5c t\u1ed1t nh\u1ea5t c\u00f3 th\u1ec3. Ch\u00fang t\u00f4i ki\u1ec3m tra tr\u1ef1c quan t\u1eebng con b\u00fap b\u00ea t\u1eeb \u0111\u1ea7u \u0111\u1ebfn ch\u00e2n tr\u01b0\u1edbc khi ch\u1ea5p thu\u1eadn cho c\u00f4 \u1ea5y v\u1ec1 nh\u00e0 v\u1edbi b\u1ea1n. C\u00f4 \u1ea5y kh\u00f4ng r\u1eddi \u0111i cho \u0111\u1ebfn khi c\u00f4 \u1ea5y v\u01b0\u1ee3t qua. Ch\u00fang t\u00f4i th\u1eadm ch\u00ed c\u00f3 th\u1ec3 \u0111\u1ea3m b\u1ea3o nh\u1eefng \u0111i\u1ec1u nh\u1ecf nh\u1eb7t m\u00e0 b\u1ea1n c\u00f3 th\u1ec3 y\u00eau c\u1ea7u \u0111\u1eb7c bi\u1ec7t \u0111\u1ec1u \u0111\u01b0\u1ee3c \u0111\u00e1p \u1ee9ng theo th\u00f4ng s\u1ed1 k\u1ef9 thu\u1eadt c\u1ee7a b\u1ea1n.<\/p><p>N\u1ebfu c\u00f3 b\u1ea5t k\u1ef3 sai s\u00f3t n\u00e0o v\u1edbi \u0111\u01a1n \u0111\u1eb7t h\u00e0ng c\u1ee7a b\u1ea1n (b\u1ecb l\u1ed7i ho\u1eb7c giao h\u00e0ng sai) khi nh\u1eadn \u0111\u01b0\u1ee3c b\u00fap b\u00ea c\u1ee7a b\u1ea1n, ch\u00fang t\u00f4i s\u1ebd s\u1eeda ch\u1eefa ho\u1eb7c thay th\u1ebf n\u00f3. \u0110\u1ec3 bi\u1ebft th\u00eam th\u00f4ng tin, vui l\u00f2ng ki\u1ec3m tra trang Ch\u00ednh s\u00e1ch ho\u00e0n tr\u1ea3.<\/p>\t\t\t\t\t\t<\/div>\n\t\t\t\t<\/div>\n\t\t\t\t\t<\/div>\n\t\t<\/div>\n\t\t\t\t\t<\/div>\n\t\t<\/section>\n\t\t\t\t\t<\/div>\n\t\t<\/div>\n\t\t\t\t\t<\/div>\n\t\t<\/section>\n\t\t\t\t<\/div>","protected":false},"excerpt":{"rendered":"<p>ABOUT AINODOLL Who we are Ainodoll.com is the official website of mini sex dolls. We are a Sex Dolls Team<\/p>","protected":false},"author":1,"featured_media":0,"parent":0,"menu_order":0,"comment_status":"closed","ping_status":"closed","template":"","meta":{"footnotes":""},"aioseo_notices":[],"_links":{"self":[{"href":"https:\/\/vndoll.com\/vi\/wp-json\/wp\/v2\/pages\/15592"}],"collection":[{"href":"https:\/\/vndoll.com\/vi\/wp-json\/wp\/v2\/pages"}],"about":[{"href":"https:\/\/vndoll.com\/vi\/wp-json\/wp\/v2\/types\/page"}],"author":[{"embeddable":true,"href":"https:\/\/vndoll.com\/vi\/wp-json\/wp\/v2\/users\/1"}],"replies":[{"embeddable":true,"href":"https:\/\/vndoll.com\/vi\/wp-json\/wp\/v2\/comments?post=15592"}],"version-history":[{"count":9,"href":"https:\/\/vndoll.com\/vi\/wp-json\/wp\/v2\/pages\/15592\/revisions"}],"predecessor-version":[{"id":21455,"href":"https:\/\/vndoll.com\/vi\/wp-json\/wp\/v2\/pages\/15592\/revisions\/21455"}],"wp:attachment":[{"href":"https:\/\/vndoll.com\/vi\/wp-json\/wp\/v2\/media?parent=15592"}],"curies":[{"name":"wp","href":"https:\/\/api.w.org\/{rel}","templated":true}]}}